{"id":112,"date":"2016-04-04T20:32:28","date_gmt":"2016-04-04T19:32:28","guid":{"rendered":"http:\/\/www.alphatsi.dev\/?page_id=112&#038;lang=en"},"modified":"2023-02-19T14:57:58","modified_gmt":"2023-02-19T19:57:58","slug":"gestion-de-plateforme-de-securite","status":"publish","type":"page","link":"https:\/\/alphatsi.com\/en\/security-old\/gestion-de-plateforme-de-securite\/","title":{"rendered":"Security Platform Management"},"content":{"rendered":"<p>[et_pb_section admin_label=&#8221;Section&#8221; fullwidth=&#8221;on&#8221; specialty=&#8221;off&#8221; background_image=&#8221;https:\/\/alphatsi.com\/wp-content\/uploads\/2016\/04\/titre-impatition-it.jpg&#8221; transparent_background=&#8221;off&#8221; background_color=&#8221;#ffffff&#8221; allow_player_pause=&#8221;off&#8221; inner_shadow=&#8221;off&#8221; parallax=&#8221;off&#8221; parallax_method=&#8221;off&#8221; padding_mobile=&#8221;off&#8221; make_fullwidth=&#8221;off&#8221; use_custom_width=&#8221;off&#8221; width_unit=&#8221;on&#8221; make_equal=&#8221;off&#8221; use_custom_gutter=&#8221;off&#8221; custom_padding=&#8221;50px||50px|&#8221;][et_pb_fullwidth_header admin_label=&#8221;En-t\u00eate plein \u00e9cran&#8221; title=&#8221;GESTION DE PLATEFORME DE S\u00c9CURIT\u00c9&#8221; background_layout=&#8221;dark&#8221; text_orientation=&#8221;right&#8221; header_fullscreen=&#8221;off&#8221; header_scroll_down=&#8221;off&#8221; parallax=&#8221;off&#8221; parallax_method=&#8221;off&#8221; content_orientation=&#8221;center&#8221; image_orientation=&#8221;center&#8221; custom_button_one=&#8221;off&#8221; button_one_letter_spacing=&#8221;0&#8243; button_one_use_icon=&#8221;default&#8221; button_one_icon_placement=&#8221;right&#8221; button_one_on_hover=&#8221;on&#8221; button_one_letter_spacing_hover=&#8221;0&#8243; custom_button_two=&#8221;off&#8221; button_two_letter_spacing=&#8221;0&#8243; button_two_use_icon=&#8221;default&#8221; button_two_icon_placement=&#8221;right&#8221; button_two_on_hover=&#8221;on&#8221; button_two_letter_spacing_hover=&#8221;0&#8243;] [\/et_pb_fullwidth_header][\/et_pb_section][et_pb_section admin_label=&#8221;section&#8221;][et_pb_row admin_label=&#8221;row&#8221;][et_pb_column type=&#8221;4_4&#8243;][et_pb_text admin_label=&#8221;Texte&#8221; background_layout=&#8221;light&#8221; text_orientation=&#8221;left&#8221; use_border_color=&#8221;off&#8221; border_color=&#8221;#ffffff&#8221; border_style=&#8221;solid&#8221;]<\/p>\n<p>Avec des facteurs tels les co\u00fbts reli\u00e9s aux recrutements, la gestion de personnel, la p\u00e9nurie de main-d&#8217;oeuvre qualifi\u00e9e et l&#8217;instabilit\u00e9 des travailleurs, l&#8217;impartition de ressources humaines en technologie de l&#8217;information s&#8217;av\u00e8re \u00eatre une solution efficace pour une entreprise.<\/p>\n<p>Il est prouv\u00e9 que de d\u00e9l\u00e9guer en impartition ses besoins en gestion de plateforme de s\u00e9curit\u00e9 peut se traduire en \u00e9conomies importantes et stimuler la productivit\u00e9 de l&#8217;entreprise. En confiant \u00e0 Alpha TSI la gestion de vos technologies, vous faites <strong>le choix de vous consacrer sur les activit\u00e9s strat\u00e9giques de votre entreprise<\/strong>.<\/p>\n<p>Que ce soit un transfert complet de responsabilit\u00e9s ou en partenariat avec vos ressources \u00e0 l&#8217;interne, Alpha TSi d\u00e9veloppe des solutions d&#8217;impartition flexibles et personnalis\u00e9es en fonction des besoins de votre entreprise.<\/p>\n<p>&nbsp;<\/p>\n<p>[\/et_pb_text][\/et_pb_column][\/et_pb_row][\/et_pb_section][et_pb_section admin_label=&#8221;Section&#8221; fullwidth=&#8221;off&#8221; specialty=&#8221;off&#8221; background_image=&#8221;https:\/\/alphatsi.com\/wp-content\/uploads\/2016\/03\/bg-cta2.jpg&#8221; transparent_background=&#8221;off&#8221; background_color=&#8221;#ffffff&#8221; allow_player_pause=&#8221;off&#8221; inner_shadow=&#8221;off&#8221; parallax=&#8221;off&#8221; parallax_method=&#8221;off&#8221; padding_mobile=&#8221;off&#8221; make_fullwidth=&#8221;off&#8221; use_custom_width=&#8221;off&#8221; width_unit=&#8221;on&#8221; make_equal=&#8221;off&#8221; use_custom_gutter=&#8221;off&#8221; global_module=&#8221;382&#8243;][et_pb_row global_parent=&#8221;382&#8243; admin_label=&#8221;Ligne&#8221;][et_pb_column type=&#8221;4_4&#8243;][et_pb_cta global_parent=&#8221;382&#8243; admin_label=&#8221;Appel d&#8217;action &#8211; S\u00e9curit\u00e9&#8221; title=&#8221;Besoin d&#8217;un expert en s\u00e9curit\u00e9 ?&#8221; button_url=&#8221;https:\/\/alphatsi.com\/en\/contact-us\/&#8221; url_new_window=&#8221;off&#8221; button_text=&#8221;Contactez-nous d\u00e8s maintenant!&#8221; use_background_color=&#8221;off&#8221; background_color=&#8221;#002f65&#8243; background_layout=&#8221;light&#8221; text_orientation=&#8221;center&#8221; use_border_color=&#8221;off&#8221; border_color=&#8221;#ffffff&#8221; border_style=&#8221;solid&#8221; custom_button=&#8221;off&#8221; button_letter_spacing=&#8221;0&#8243; button_use_icon=&#8221;default&#8221; button_icon_placement=&#8221;right&#8221; button_on_hover=&#8221;on&#8221; button_letter_spacing_hover=&#8221;0&#8243;]<\/p>\n<p>Vous n&#8217;\u00eates plus qu&#8217;\u00e0 un clic de trouver la solution \u00e0 vos probl\u00e8mes informatiques,<br \/>\nde s\u00e9curit\u00e9, d&#8217;int\u00e9gration de syst\u00e8me ou de soutien technique. N&#8217;h\u00e9sitez plus!<\/p>\n<p>[\/et_pb_cta][\/et_pb_column][\/et_pb_row][\/et_pb_section]<\/p>\n","protected":false},"excerpt":{"rendered":"<p>Avec des facteurs tels les co\u00fbts reli\u00e9s aux recrutements, la gestion de personnel, la p\u00e9nurie de main-d&#8217;oeuvre qualifi\u00e9e et l&#8217;instabilit\u00e9 des travailleurs, l&#8217;impartition de ressources humaines en technologie de l&#8217;information s&#8217;av\u00e8re \u00eatre une solution efficace pour une entreprise. Il est prouv\u00e9 que de d\u00e9l\u00e9guer en impartition ses besoins en gestion de plateforme de s\u00e9curit\u00e9 peut [&hellip;]<\/p>\n","protected":false},"author":1,"featured_media":0,"parent":130,"menu_order":0,"comment_status":"closed","ping_status":"closed","template":"","meta":{"_et_pb_use_builder":"on","_et_pb_old_content":"","_et_gb_content_width":"","footnotes":""},"class_list":["post-112","page","type-page","status-publish","hentry"],"_links":{"self":[{"href":"https:\/\/alphatsi.com\/en\/wp-json\/wp\/v2\/pages\/112","targetHints":{"allow":["GET"]}}],"collection":[{"href":"https:\/\/alphatsi.com\/en\/wp-json\/wp\/v2\/pages"}],"about":[{"href":"https:\/\/alphatsi.com\/en\/wp-json\/wp\/v2\/types\/page"}],"author":[{"embeddable":true,"href":"https:\/\/alphatsi.com\/en\/wp-json\/wp\/v2\/users\/1"}],"replies":[{"embeddable":true,"href":"https:\/\/alphatsi.com\/en\/wp-json\/wp\/v2\/comments?post=112"}],"version-history":[{"count":0,"href":"https:\/\/alphatsi.com\/en\/wp-json\/wp\/v2\/pages\/112\/revisions"}],"up":[{"embeddable":true,"href":"https:\/\/alphatsi.com\/en\/wp-json\/wp\/v2\/pages\/130"}],"wp:attachment":[{"href":"https:\/\/alphatsi.com\/en\/wp-json\/wp\/v2\/media?parent=112"}],"curies":[{"name":"wp","href":"https:\/\/api.w.org\/{rel}","templated":true}]}}