{"id":118,"date":"2016-04-04T19:57:32","date_gmt":"2016-04-04T18:57:32","guid":{"rendered":"http:\/\/www.alphatsi.dev\/?page_id=118&#038;lang=en"},"modified":"2023-02-19T14:57:59","modified_gmt":"2023-02-19T19:57:59","slug":"infrastructure-reseau","status":"publish","type":"page","link":"https:\/\/alphatsi.com\/en\/it-networking\/infrastructure-reseau\/","title":{"rendered":"Network Infrastructure"},"content":{"rendered":"<p>[et_pb_section admin_label=&#8221;Section&#8221; fullwidth=&#8221;on&#8221; specialty=&#8221;off&#8221; background_image=&#8221;https:\/\/alphatsi.com\/wp-content\/uploads\/2016\/04\/titre-administration-reseau.jpg&#8221; transparent_background=&#8221;off&#8221; background_color=&#8221;#ffffff&#8221; allow_player_pause=&#8221;off&#8221; inner_shadow=&#8221;off&#8221; parallax=&#8221;off&#8221; parallax_method=&#8221;off&#8221; padding_mobile=&#8221;off&#8221; make_fullwidth=&#8221;off&#8221; use_custom_width=&#8221;off&#8221; width_unit=&#8221;on&#8221; make_equal=&#8221;off&#8221; use_custom_gutter=&#8221;off&#8221; custom_padding=&#8221;50px||50px|&#8221;][et_pb_fullwidth_header admin_label=&#8221;En-t\u00eate plein \u00e9cran&#8221; title=&#8221;INFRASTRUCTURE R\u00c9SEAU&#8221; background_layout=&#8221;dark&#8221; text_orientation=&#8221;right&#8221; header_fullscreen=&#8221;off&#8221; header_scroll_down=&#8221;off&#8221; parallax=&#8221;off&#8221; parallax_method=&#8221;off&#8221; content_orientation=&#8221;center&#8221; image_orientation=&#8221;center&#8221; custom_button_one=&#8221;off&#8221; button_one_letter_spacing=&#8221;0&#8243; button_one_use_icon=&#8221;default&#8221; button_one_icon_placement=&#8221;right&#8221; button_one_on_hover=&#8221;on&#8221; button_one_letter_spacing_hover=&#8221;0&#8243; custom_button_two=&#8221;off&#8221; button_two_letter_spacing=&#8221;0&#8243; button_two_use_icon=&#8221;default&#8221; button_two_icon_placement=&#8221;right&#8221; button_two_on_hover=&#8221;on&#8221; button_two_letter_spacing_hover=&#8221;0&#8243;]<br \/>\n[\/et_pb_fullwidth_header][\/et_pb_section][et_pb_section admin_label=&#8221;section&#8221;][et_pb_row admin_label=&#8221;row&#8221;][et_pb_column type=&#8221;4_4&#8243;][et_pb_text admin_label=&#8221;Texte&#8221; background_layout=&#8221;light&#8221; text_orientation=&#8221;left&#8221; use_border_color=&#8221;off&#8221; border_color=&#8221;#ffffff&#8221; border_style=&#8221;solid&#8221;]<\/p>\n<p>Dans un monde en constante \u00e9volution o\u00f9 de plus en plus de technologies sont \u00e0 la port\u00e9e de tous, il est difficile pour une entreprise de s&#8217;y retrouver. C&#8217;est pourquoi Alpha TSi vous aide dans l&#8217;optimisation de votre r\u00e9seau et s&#8217;assure d&#8217;une implantation ad\u00e9quate suivant vos diff\u00e9rents besoins :<\/p>\n<p>[\/et_pb_text][\/et_pb_column][\/et_pb_row][et_pb_row admin_label=&#8221;Ligne&#8221;][et_pb_column type=&#8221;1_2&#8243;][et_pb_text admin_label=&#8221;Texte&#8221; background_layout=&#8221;light&#8221; text_orientation=&#8221;left&#8221; use_border_color=&#8221;off&#8221; border_color=&#8221;#ffffff&#8221; border_style=&#8221;solid&#8221;]<\/p>\n<h3>Solution en transport de donn\u00e9es<\/h3>\n<ul>\n<li>Voix sur IP<\/li>\n<li>Syst\u00e8me Wi-fi \u00e0 haut d\u00e9bit<\/li>\n<li>Solution de fibre optique<\/li>\n<li>Liens VPN<\/li>\n<\/ul>\n<p>[\/et_pb_text][\/et_pb_column][et_pb_column type=&#8221;1_2&#8243;][et_pb_text admin_label=&#8221;Texte&#8221; background_layout=&#8221;light&#8221; text_orientation=&#8221;left&#8221; use_border_color=&#8221;off&#8221; border_color=&#8221;#ffffff&#8221; border_style=&#8221;solid&#8221;]<\/p>\n<h3>Solution de stockage de vos donn\u00e9es<\/h3>\n<ul>\n<li>SAN<\/li>\n<li>NAS<\/li>\n<li>DAS<\/li>\n<li>etc..<\/li>\n<\/ul>\n<p>[\/et_pb_text][\/et_pb_column][\/et_pb_row][et_pb_row admin_label=&#8221;Ligne&#8221;][et_pb_column type=&#8221;1_2&#8243;][et_pb_text admin_label=&#8221;Texte&#8221; background_layout=&#8221;light&#8221; text_orientation=&#8221;left&#8221; use_border_color=&#8221;off&#8221; border_color=&#8221;#ffffff&#8221; border_style=&#8221;solid&#8221;]<\/p>\n<h3>S\u00e9curit\u00e9 informatique<\/h3>\n<ul>\n<li>Pare-feu<\/li>\n<li>Blocage de contenue Web<\/li>\n<li>Anti-Virus<\/li>\n<li>Anti-Spam<\/li>\n<\/ul>\n<p>[\/et_pb_text][\/et_pb_column][et_pb_column type=&#8221;1_2&#8243;][et_pb_text admin_label=&#8221;Texte&#8221; background_layout=&#8221;light&#8221; text_orientation=&#8221;left&#8221; use_border_color=&#8221;off&#8221; border_color=&#8221;#ffffff&#8221; border_style=&#8221;solid&#8221;]<\/p>\n<h3>Virtualisation<\/h3>\n<ul>\n<li>Citrix XenServer<\/li>\n<li>VMware ESX(i)<\/li>\n<li>Microsoft Hyper-V<\/li>\n<\/ul>\n<p>[\/et_pb_text][\/et_pb_column][\/et_pb_row][\/et_pb_section][et_pb_section admin_label=&#8221;Section&#8221; global_module=&#8221;228&#8243; fullwidth=&#8221;off&#8221; specialty=&#8221;off&#8221; transparent_background=&#8221;off&#8221; background_color=&#8221;rgba(190,192,194,0.7)&#8221; allow_player_pause=&#8221;off&#8221; inner_shadow=&#8221;off&#8221; parallax=&#8221;off&#8221; parallax_method=&#8221;off&#8221; padding_mobile=&#8221;off&#8221; make_fullwidth=&#8221;off&#8221; use_custom_width=&#8221;off&#8221; width_unit=&#8221;on&#8221; make_equal=&#8221;off&#8221; use_custom_gutter=&#8221;off&#8221; background_image=&#8221;https:\/\/alphatsi.com\/wp-content\/uploads\/2016\/03\/bg-cta2.jpg&#8221;][et_pb_row global_parent=&#8221;228&#8243; admin_label=&#8221;Ligne&#8221;][et_pb_column type=&#8221;4_4&#8243;][et_pb_cta global_parent=&#8221;228&#8243; admin_label=&#8221;Appel d&#8217;action&#8221; title=&#8221;Besoin d&#8217;un expert en TI ?&#8221; button_url=&#8221;https:\/\/alphatsi.com\/en\/contact-us\/&#8221; url_new_window=&#8221;off&#8221; button_text=&#8221;Contactez-vous d\u00e8s maintenant!&#8221; use_background_color=&#8221;off&#8221; background_color=&#8221;#002f65&#8243; background_layout=&#8221;light&#8221; text_orientation=&#8221;center&#8221; use_border_color=&#8221;off&#8221; border_color=&#8221;#ffffff&#8221; border_style=&#8221;solid&#8221; custom_button=&#8221;off&#8221; button_letter_spacing=&#8221;0&#8243; button_use_icon=&#8221;default&#8221; button_icon_placement=&#8221;right&#8221; button_on_hover=&#8221;on&#8221; button_letter_spacing_hover=&#8221;0&#8243;]<\/p>\n<p>Vous n&#8217;\u00eates plus qu&#8217;\u00e0 un clic de trouver la solution \u00e0 vos probl\u00e8mes informatiques, de s\u00e9curit\u00e9, d&#8217;int\u00e9gration de syst\u00e8me ou de soutien technique. N&#8217;h\u00e9sitez plus!<\/p>\n<p>[\/et_pb_cta][\/et_pb_column][\/et_pb_row][\/et_pb_section]<\/p>\n","protected":false},"excerpt":{"rendered":"<p>Dans un monde en constante \u00e9volution o\u00f9 de plus en plus de technologies sont \u00e0 la port\u00e9e de tous, il est difficile pour une entreprise de s&#8217;y retrouver. C&#8217;est pourquoi Alpha TSi vous aide dans l&#8217;optimisation de votre r\u00e9seau et s&#8217;assure d&#8217;une implantation ad\u00e9quate suivant vos diff\u00e9rents besoins : Solution en transport de donn\u00e9es Voix [&hellip;]<\/p>\n","protected":false},"author":1,"featured_media":0,"parent":134,"menu_order":0,"comment_status":"closed","ping_status":"closed","template":"","meta":{"_et_pb_use_builder":"on","_et_pb_old_content":"","_et_gb_content_width":"","footnotes":""},"class_list":["post-118","page","type-page","status-publish","hentry"],"_links":{"self":[{"href":"https:\/\/alphatsi.com\/en\/wp-json\/wp\/v2\/pages\/118","targetHints":{"allow":["GET"]}}],"collection":[{"href":"https:\/\/alphatsi.com\/en\/wp-json\/wp\/v2\/pages"}],"about":[{"href":"https:\/\/alphatsi.com\/en\/wp-json\/wp\/v2\/types\/page"}],"author":[{"embeddable":true,"href":"https:\/\/alphatsi.com\/en\/wp-json\/wp\/v2\/users\/1"}],"replies":[{"embeddable":true,"href":"https:\/\/alphatsi.com\/en\/wp-json\/wp\/v2\/comments?post=118"}],"version-history":[{"count":0,"href":"https:\/\/alphatsi.com\/en\/wp-json\/wp\/v2\/pages\/118\/revisions"}],"up":[{"embeddable":true,"href":"https:\/\/alphatsi.com\/en\/wp-json\/wp\/v2\/pages\/134"}],"wp:attachment":[{"href":"https:\/\/alphatsi.com\/en\/wp-json\/wp\/v2\/media?parent=118"}],"curies":[{"name":"wp","href":"https:\/\/api.w.org\/{rel}","templated":true}]}}