{"id":120,"date":"2016-04-04T20:35:45","date_gmt":"2016-04-04T19:35:45","guid":{"rendered":"http:\/\/www.alphatsi.dev\/?page_id=120&#038;lang=en"},"modified":"2023-02-19T14:57:58","modified_gmt":"2023-02-19T19:57:58","slug":"integration","status":"publish","type":"page","link":"https:\/\/alphatsi.com\/en\/integration\/","title":{"rendered":"Integration"},"content":{"rendered":"<p>[et_pb_section admin_label=&#8221;Section&#8221; fullwidth=&#8221;on&#8221; specialty=&#8221;off&#8221; background_image=&#8221;https:\/\/alphatsi.com\/wp-content\/uploads\/2016\/04\/slide_integration.jpg&#8221; transparent_background=&#8221;off&#8221; background_color=&#8221;#ffffff&#8221; allow_player_pause=&#8221;off&#8221; inner_shadow=&#8221;off&#8221; parallax=&#8221;on&#8221; parallax_method=&#8221;off&#8221; padding_mobile=&#8221;off&#8221; make_fullwidth=&#8221;off&#8221; use_custom_width=&#8221;off&#8221; width_unit=&#8221;on&#8221; make_equal=&#8221;off&#8221; use_custom_gutter=&#8221;off&#8221;][et_pb_fullwidth_header admin_label=&#8221;En-t\u00eate plein \u00e9cran&#8221; title=&#8221;INT\u00c9GRATION&#8221; background_layout=&#8221;dark&#8221; text_orientation=&#8221;right&#8221; header_fullscreen=&#8221;on&#8221; header_scroll_down=&#8221;on&#8221; parallax=&#8221;off&#8221; parallax_method=&#8221;off&#8221; content_orientation=&#8221;center&#8221; image_orientation=&#8221;center&#8221; custom_button_one=&#8221;off&#8221; button_one_letter_spacing=&#8221;0&#8243; button_one_use_icon=&#8221;default&#8221; button_one_icon_placement=&#8221;right&#8221; button_one_on_hover=&#8221;on&#8221; button_one_letter_spacing_hover=&#8221;0&#8243; custom_button_two=&#8221;off&#8221; button_two_letter_spacing=&#8221;0&#8243; button_two_use_icon=&#8221;default&#8221; button_two_icon_placement=&#8221;right&#8221; button_two_on_hover=&#8221;on&#8221; button_two_letter_spacing_hover=&#8221;0&#8243; scroll_down_icon=&#8221;%%4%%&#8221;] [\/et_pb_fullwidth_header][\/et_pb_section][et_pb_section admin_label=&#8221;section&#8221;][et_pb_row admin_label=&#8221;row&#8221;][et_pb_column type=&#8221;4_4&#8243;][et_pb_text admin_label=&#8221;Texte&#8221; background_layout=&#8221;light&#8221; text_orientation=&#8221;left&#8221; use_border_color=&#8221;off&#8221; border_color=&#8221;#ffffff&#8221; border_style=&#8221;solid&#8221;]<\/p>\n<p>L&#8217;int\u00e9gration de syst\u00e8mes consiste \u00e0 combiner plusieurs ensembles de technologies tels que la vid\u00e9o surveillance, le contr\u00f4le d&#8217;acc\u00e8s, les alarmes d&#8217;intrusions, le contr\u00f4le HVAC, le contr\u00f4le de l&#8217;environnement, les contr\u00f4le d&#8217;ascenseur, la supervision de stationnement, votre architecture informatique et une multitude d&#8217;autres syst\u00e8mes du b\u00e2timent, le tout dans le but d&#8217;offrir une nouvelle solution plus fonctionnel et plus efficace.<\/p>\n<h4>Alpha TSi est l&#8217;un des seuls vrai int\u00e9grateurs de syst\u00e8mes de s\u00e9curit\u00e9 au Canada, avec des techniciens informatiques certifi\u00e9s sur toutes les grandes plateformes de s\u00e9curit\u00e9 unifi\u00e9e.<\/h4>\n<p>Notre objectif est la mise en oeuvre de produits de qualit\u00e9 qui utilisent les derni\u00e8res technologies pour r\u00e9soudre les besoins commerciaux de nos clients. Notre travail consiste \u00e0 suivre les progr\u00e8s technologiques de sorte que vous n&#8217;avez pas \u00e0 le faire. Bien que chaque projet ne contienne pas un probl\u00e8me unique, notre cr\u00e9ativit\u00e9 a r\u00e9solu plusieurs de ceux-ci pour nos clients.<\/p>\n<p>[\/et_pb_text][\/et_pb_column][\/et_pb_row][et_pb_row admin_label=&#8221;Ligne&#8221;][et_pb_column type=&#8221;1_2&#8243;][et_pb_text admin_label=&#8221;Texte&#8221; background_layout=&#8221;light&#8221; text_orientation=&#8221;left&#8221; use_border_color=&#8221;off&#8221; border_color=&#8221;#ffffff&#8221; border_style=&#8221;solid&#8221;]<\/p>\n<h2>Type d&#8217;int\u00e9gration<\/h2>\n<ul>\n<li>Visionnement des vid\u00e9os avec le syst\u00e8me de contr\u00f4le d&#8217;acc\u00e8s<\/li>\n<li>Int\u00e9gration de l&#8217;alarme intrusion avec les vid\u00e9os et l&#8217;acc\u00e8s<\/li>\n<li>Contr\u00f4ler l&#8217;\u00e9clairage et le chauffage de votre b\u00e2tisse avec le contr\u00f4le d&#8217;acc\u00e8s<\/li>\n<li>L&#8217;int\u00e9gration de vos informations d&#8217;identification d&#8217;acc\u00e8s logiques et physiques<\/li>\n<li>Int\u00e9gration d&#8217;un syst\u00e8me de reconnaissance de plaque avec la vid\u00e9osurveillance et l&#8217;acc\u00e8s<\/li>\n<li>Int\u00e9gration de syst\u00e8mes de vid\u00e9o analytique ultra performante<\/li>\n<\/ul>\n<p>[\/et_pb_text][\/et_pb_column][et_pb_column type=&#8221;1_2&#8243;][et_pb_text admin_label=&#8221;Texte&#8221; background_layout=&#8221;light&#8221; text_orientation=&#8221;left&#8221; use_border_color=&#8221;off&#8221; border_color=&#8221;#ffffff&#8221; border_style=&#8221;solid&#8221;]<\/p>\n<h2>Avantages de l&#8217;int\u00e9gration du syst\u00e8me<\/h2>\n<ul>\n<li>R\u00e9duit les \u00e9tapes dans les processus d&#8217;affaires<\/li>\n<li>Moins de temps n\u00e9cessaire pour traiter une demande<\/li>\n<li>Moins de plaintes \u00e9manant de membres du public<\/li>\n<li>Grand nombre de demandes et des dossiers trait\u00e9s au cours d&#8217;une p\u00e9riode<\/li>\n<li>R\u00e9duction du nombre d&#8217;erreurs<\/li>\n<li>R\u00e9duction du temps \/ effort pour le d\u00e9veloppement de logiciels<\/li>\n<li>R\u00e9duction de l&#8217;entretien<\/li>\n<li>R\u00e9duction du personnel des TI<\/li>\n<li>Am\u00e9lioration des proc\u00e9dures de travail<\/li>\n<li>Une meilleure communication avec d&#8217;autres organisations connexes<\/li>\n<li>Temps d&#8217;attente plus court<\/li>\n<li>Am\u00e9lioration de l&#8217;accessibilit\u00e9 des donn\u00e9es<\/li>\n<li>Un guichet unique<\/li>\n<\/ul>\n<p>[\/et_pb_text][\/et_pb_column][\/et_pb_row][\/et_pb_section][et_pb_section admin_label=&#8221;Section&#8221; global_module=&#8221;228&#8243; fullwidth=&#8221;off&#8221; specialty=&#8221;off&#8221; transparent_background=&#8221;off&#8221; background_color=&#8221;rgba(5,99,193,0.7)&#8221; allow_player_pause=&#8221;off&#8221; inner_shadow=&#8221;off&#8221; parallax=&#8221;off&#8221; parallax_method=&#8221;off&#8221; padding_mobile=&#8221;off&#8221; make_fullwidth=&#8221;off&#8221; use_custom_width=&#8221;off&#8221; width_unit=&#8221;on&#8221; make_equal=&#8221;off&#8221; use_custom_gutter=&#8221;off&#8221; background_image=&#8221;https:\/\/alphatsi.com\/wp-content\/uploads\/2016\/03\/bg-cta2.jpg&#8221;][et_pb_row global_parent=&#8221;228&#8243; admin_label=&#8221;Ligne&#8221;][et_pb_column type=&#8221;4_4&#8243;][et_pb_cta global_parent=&#8221;228&#8243; admin_label=&#8221;Appel d&#8217;action &#8211; TI&#8221; title=&#8221;Besoin d&#8217;un expert en TI?&#8221; button_url=&#8221;https:\/\/alphatsi.com\/en\/contact-us\/&#8221; url_new_window=&#8221;off&#8221; button_text=&#8221;Contactez-nous d\u00e8s maintenant!&#8221; use_background_color=&#8221;off&#8221; background_color=&#8221;#002f65&#8243; background_layout=&#8221;light&#8221; text_orientation=&#8221;center&#8221; use_border_color=&#8221;off&#8221; border_color=&#8221;#ffffff&#8221; border_style=&#8221;solid&#8221; custom_button=&#8221;off&#8221; button_letter_spacing=&#8221;0&#8243; button_use_icon=&#8221;default&#8221; button_icon_placement=&#8221;right&#8221; button_on_hover=&#8221;on&#8221; button_letter_spacing_hover=&#8221;0&#8243;] Vous n&#8217;\u00eates plus qu&#8217;\u00e0 un clic de trouver la solution \u00e0 vos probl\u00e8mes informatiques, de s\u00e9curit\u00e9, d&#8217;int\u00e9gration de syst\u00e8me ou de soutien technique. N&#8217;h\u00e9sitez plus! [\/et_pb_cta][\/et_pb_column][\/et_pb_row][\/et_pb_section]<\/p>\n","protected":false},"excerpt":{"rendered":"<p>L&#8217;int\u00e9gration de syst\u00e8mes consiste \u00e0 combiner plusieurs ensembles de technologies tels que la vid\u00e9o surveillance, le contr\u00f4le d&#8217;acc\u00e8s, les alarmes d&#8217;intrusions, le contr\u00f4le HVAC, le contr\u00f4le de l&#8217;environnement, les contr\u00f4le d&#8217;ascenseur, la supervision de stationnement, votre architecture informatique et une multitude d&#8217;autres syst\u00e8mes du b\u00e2timent, le tout dans le but d&#8217;offrir une nouvelle solution plus [&hellip;]<\/p>\n","protected":false},"author":1,"featured_media":0,"parent":0,"menu_order":0,"comment_status":"closed","ping_status":"closed","template":"","meta":{"_et_pb_use_builder":"on","_et_pb_old_content":"","_et_gb_content_width":"","footnotes":""},"class_list":["post-120","page","type-page","status-publish","hentry"],"_links":{"self":[{"href":"https:\/\/alphatsi.com\/en\/wp-json\/wp\/v2\/pages\/120","targetHints":{"allow":["GET"]}}],"collection":[{"href":"https:\/\/alphatsi.com\/en\/wp-json\/wp\/v2\/pages"}],"about":[{"href":"https:\/\/alphatsi.com\/en\/wp-json\/wp\/v2\/types\/page"}],"author":[{"embeddable":true,"href":"https:\/\/alphatsi.com\/en\/wp-json\/wp\/v2\/users\/1"}],"replies":[{"embeddable":true,"href":"https:\/\/alphatsi.com\/en\/wp-json\/wp\/v2\/comments?post=120"}],"version-history":[{"count":0,"href":"https:\/\/alphatsi.com\/en\/wp-json\/wp\/v2\/pages\/120\/revisions"}],"wp:attachment":[{"href":"https:\/\/alphatsi.com\/en\/wp-json\/wp\/v2\/media?parent=120"}],"curies":[{"name":"wp","href":"https:\/\/api.w.org\/{rel}","templated":true}]}}