{"id":128,"date":"2016-04-05T01:42:51","date_gmt":"2016-04-05T00:42:51","guid":{"rendered":"http:\/\/www.alphatsi.dev\/?page_id=128&#038;lang=en"},"modified":"2023-02-19T14:57:57","modified_gmt":"2023-02-19T19:57:57","slug":"a-propos","status":"publish","type":"page","link":"https:\/\/alphatsi.com\/en\/a-propos\/","title":{"rendered":"About Us"},"content":{"rendered":"<p>[et_pb_section fb_built=&#8221;1&#8243; fullwidth=&#8221;on&#8221; custom_padding_last_edited=&#8221;on|desktop&#8221; admin_label=&#8221;Section&#8221; _builder_version=&#8221;3.22&#8243; background_color=&#8221;#ffffff&#8221; background_image=&#8221;https:\/\/alphatsi.com\/wp-content\/uploads\/2016\/04\/titre-a-propos.jpg&#8221; custom_padding=&#8221;50px||50px|&#8221; custom_padding_tablet=&#8221;50px|0|50px|0&#8243; transparent_background=&#8221;off&#8221; padding_mobile=&#8221;off&#8221; make_fullwidth=&#8221;off&#8221; use_custom_width=&#8221;off&#8221; width_unit=&#8221;on&#8221;][et_pb_fullwidth_header title=&#8221;\u00c0 PROPOS&#8221; text_orientation=&#8221;right&#8221; content_max_width=&#8221;none&#8221; admin_label=&#8221;En-t\u00eate plein \u00e9cran&#8221; _builder_version=&#8221;3.16&#8243; background_color=&#8221;rgba(255, 255, 255, 0)&#8221; button_one_letter_spacing_hover=&#8221;0&#8243; button_two_letter_spacing_hover=&#8221;0&#8243; button_one_text_size__hover_enabled=&#8221;off&#8221; button_two_text_size__hover_enabled=&#8221;off&#8221; button_one_text_color__hover_enabled=&#8221;off&#8221; button_two_text_color__hover_enabled=&#8221;off&#8221; button_one_border_width__hover_enabled=&#8221;off&#8221; button_two_border_width__hover_enabled=&#8221;off&#8221; button_one_border_color__hover_enabled=&#8221;off&#8221; button_two_border_color__hover_enabled=&#8221;off&#8221; button_one_border_radius__hover_enabled=&#8221;off&#8221; button_two_border_radius__hover_enabled=&#8221;off&#8221; button_one_letter_spacing__hover_enabled=&#8221;on&#8221; button_one_letter_spacing__hover=&#8221;0&#8243; button_two_letter_spacing__hover_enabled=&#8221;on&#8221; button_two_letter_spacing__hover=&#8221;0&#8243; button_one_bg_color__hover_enabled=&#8221;off&#8221; button_two_bg_color__hover_enabled=&#8221;off&#8221;][\/et_pb_fullwidth_header][\/et_pb_section][et_pb_section fb_built=&#8221;1&#8243; admin_label=&#8221;section&#8221; _builder_version=&#8221;3.22&#8243;][et_pb_row admin_label=&#8221;row&#8221; _builder_version=&#8221;3.25&#8243; background_size=&#8221;initial&#8221; background_position=&#8221;top_left&#8221; background_repeat=&#8221;repeat&#8221;][et_pb_column type=&#8221;4_4&#8243; _builder_version=&#8221;3.25&#8243; custom_padding=&#8221;|||&#8221; custom_padding__hover=&#8221;|||&#8221;][et_pb_text admin_label=&#8221;Texte&#8221; _builder_version=&#8221;3.27.4&#8243; background_size=&#8221;initial&#8221; background_position=&#8221;top_left&#8221; background_repeat=&#8221;repeat&#8221; use_border_color=&#8221;off&#8221; border_color=&#8221;#ffffff&#8221; border_style=&#8221;solid&#8221;]<\/p>\n<p>Alpha TSi est une entreprise canadienne bien \u00e9tablie, et en forte croissance, dans le domaine de l&#8217;architecture de s\u00e9curit\u00e9 r\u00e9seau. Incorpor\u00e9e en 2002 sous le nom d&#8217;Alpha S\u00e9curit\u00e9 Consul, elle a fusionn\u00e9 avec Integra Technologies Inc., une compagnie sp\u00e9cialis\u00e9e dans les technologies de l&#8217;information, en 2008. De cette fusion est n\u00e9 Alpha TSi Inc., une entreprise qui offre une excellente connaissance du terrain, en plus d&#8217;une expertise technologique in\u00e9gal\u00e9e.<\/p>\n<p>Depuis plus de 10 ans, Alpha TSi a \u00e9t\u00e9 \u00e0 l&#8217;avant-garde de la technologie, de la s\u00e9curit\u00e9 et du service \u00e0 la client\u00e8le de qualit\u00e9. Durant toutes ces ann\u00e9es, nous avons \u00e9labor\u00e9, implant\u00e9 et entretenu des syst\u00e8mes complexes \u00e0 travers une multitude d&#8217;industries, pour de petites comme de grandes entreprises.<\/p>\n<ul style=\"width: 100%;\">\n<li style=\"width: 50%; float: left;\">Une vision tourn\u00e9e vers l&#8217;avenir<\/li>\n<li style=\"width: 50%; float: left;\">Des solutions novatrices<\/li>\n<li style=\"width: 50%; float: left;\">Une croissance illimit\u00e9e<\/li>\n<li style=\"width: 50%; float: left;\">Un investissement optimis\u00e9<\/li>\n<li style=\"width: 50%; float: left;\">Des environnements s\u00e9curis\u00e9s<\/li>\n<li style=\"width: 50%; float: left; clear: right;\">La technologie \u00e0 votre service<\/li>\n<\/ul>\n<p>&nbsp;<\/p>\n<p>Gr\u00e2ce \u00e0 son expertise approfondie \u00e0 combiner la r\u00e9seautique et l&#8217;informatique aux syst\u00e8mes de s\u00e9curit\u00e9 traditionnels, Alpha TSi peut entreprendre n&#8217;importe quel d\u00e9fi pr\u00e9sent ou futur, s&#8217;adaptant aux besoins sp\u00e9cifiques de ses clients. Nous offrons un large \u00e9ventail de services et de solutions cl\u00e9 en main bas\u00e9s sur ces deux domaines ind\u00e9pendants, mais aussi compl\u00e9mentaires et intimement li\u00e9s.<\/p>\n<h2>Alpha TSi :<\/h2>\n<ul>\n<li>G\u00e8re les engagements de services et la mise en oeuvre de solutions.<\/li>\n<li>Offre de la consultation en analyse des performances de gestion strat\u00e9gique, de m\u00e9thodologies de travail et application des nouvelles technologies en entreprise.<\/li>\n<li>Favorise la fid\u00e9lit\u00e9 de ses clients en veillant \u00e0 ce qu&#8217;ils utilisent pleinement la valeur de ses solutions et services.<\/li>\n<li>Dirige la coordination de toutes les t\u00e2ches de mise en oeuvre impliquant des fournisseurs tiers, ainsi qu&#8217;offre des conseils aux clients sur la mise en place de syst\u00e8mes.<\/li>\n<li>G\u00e8re la transition des clients de la mise en oeuvre des solutions au soutien aux usagers.<\/li>\n<li>G\u00e8re le d\u00e9veloppement et l&#8217;entretien des portions de mise en oeuvre de projets.<\/li>\n<\/ul>\n<p>Peu importe \u00e0 quel point un syst\u00e8me est \u00e0 la fine pointe de la technologie, s&#8217;il n&#8217;est pas d\u00e9ploy\u00e9 convenablement et bien entretenu apr\u00e8s son installation, il ne sera pas d&#8217;une grande utilit\u00e9. Alpha TSi est en mesure de concevoir et mettre en oeuvre votre syst\u00e8me de s\u00e9curit\u00e9 parce que nous comprenons comment les n\u00e9gligences peuvent devenir d\u00e9sastreuses et que tous les aspects de la conception et l&#8217;installation doivent \u00eatre tenu aux normes des plus \u00e9lev\u00e9es.<\/p>\n<p>[\/et_pb_text][\/et_pb_column][\/et_pb_row][\/et_pb_section][et_pb_section fb_built=&#8221;1&#8243; custom_padding_last_edited=&#8221;on|desktop&#8221; admin_label=&#8221;Section&#8221; _builder_version=&#8221;3.22&#8243; background_color=&#8221;rgba(5,99,193,0.7)&#8221; background_image=&#8221;https:\/\/alphatsi.com\/wp-content\/uploads\/2016\/03\/bg-cta2.jpg&#8221; custom_padding_tablet=&#8221;50px|0|50px|0&#8243; transparent_background=&#8221;off&#8221; padding_mobile=&#8221;off&#8221; make_fullwidth=&#8221;off&#8221; use_custom_width=&#8221;off&#8221; width_unit=&#8221;on&#8221; global_module=&#8221;228&#8243;][et_pb_row admin_label=&#8221;Ligne&#8221; _builder_version=&#8221;3.25&#8243; background_size=&#8221;initial&#8221; background_position=&#8221;top_left&#8221; background_repeat=&#8221;repeat&#8221;][et_pb_column type=&#8221;4_4&#8243; _builder_version=&#8221;3.25&#8243; custom_padding=&#8221;|||&#8221; custom_padding__hover=&#8221;|||&#8221;][et_pb_cta title=&#8221;Besoin d&#8217;un expert en TI?&#8221; button_url=&#8221;https:\/\/alphatsi.com\/en\/contact-us\/&#8221; button_text=&#8221;Contactez-nous d\u00e8s maintenant!&#8221; admin_label=&#8221;Appel d&#8217;action &#8211; TI&#8221; _builder_version=&#8221;3.16&#8243; use_background_color=&#8221;off&#8221; background_size=&#8221;initial&#8221; background_position=&#8221;top_left&#8221; background_repeat=&#8221;repeat&#8221; background_layout=&#8221;light&#8221; use_border_color=&#8221;off&#8221; border_color=&#8221;#ffffff&#8221; border_style=&#8221;solid&#8221; button_letter_spacing_hover=&#8221;0&#8243; button_text_size__hover_enabled=&#8221;off&#8221; button_one_text_size__hover_enabled=&#8221;off&#8221; button_two_text_size__hover_enabled=&#8221;off&#8221; button_text_color__hover_enabled=&#8221;off&#8221; button_one_text_color__hover_enabled=&#8221;off&#8221; button_two_text_color__hover_enabled=&#8221;off&#8221; button_border_width__hover_enabled=&#8221;off&#8221; button_one_border_width__hover_enabled=&#8221;off&#8221; button_two_border_width__hover_enabled=&#8221;off&#8221; button_border_color__hover_enabled=&#8221;off&#8221; button_one_border_color__hover_enabled=&#8221;off&#8221; button_two_border_color__hover_enabled=&#8221;off&#8221; button_border_radius__hover_enabled=&#8221;off&#8221; button_one_border_radius__hover_enabled=&#8221;off&#8221; button_two_border_radius__hover_enabled=&#8221;off&#8221; button_letter_spacing__hover_enabled=&#8221;on&#8221; button_letter_spacing__hover=&#8221;0&#8243; button_one_letter_spacing__hover_enabled=&#8221;off&#8221; button_two_letter_spacing__hover_enabled=&#8221;off&#8221; button_bg_color__hover_enabled=&#8221;off&#8221; button_one_bg_color__hover_enabled=&#8221;off&#8221; button_two_bg_color__hover_enabled=&#8221;off&#8221;]<\/p>\n<p>Vous n&#8217;\u00eates plus qu&#8217;\u00e0 un clic de trouver la solution \u00e0 vos probl\u00e8mes informatiques,<br \/>\nde s\u00e9curit\u00e9, d&#8217;int\u00e9gration de syst\u00e8me ou de soutien technique. N&#8217;h\u00e9sitez plus!<\/p>\n<p>[\/et_pb_cta][\/et_pb_column][\/et_pb_row][\/et_pb_section]<\/p>\n","protected":false},"excerpt":{"rendered":"<p>Alpha TSi est une entreprise canadienne bien \u00e9tablie, et en forte croissance, dans le domaine de l&#8217;architecture de s\u00e9curit\u00e9 r\u00e9seau. Incorpor\u00e9e en 2002 sous le nom d&#8217;Alpha S\u00e9curit\u00e9 Consul, elle a fusionn\u00e9 avec Integra Technologies Inc., une compagnie sp\u00e9cialis\u00e9e dans les technologies de l&#8217;information, en 2008. De cette fusion est n\u00e9 Alpha TSi Inc., une [&hellip;]<\/p>\n","protected":false},"author":1,"featured_media":0,"parent":0,"menu_order":0,"comment_status":"closed","ping_status":"closed","template":"","meta":{"_et_pb_use_builder":"on","_et_pb_old_content":"","_et_gb_content_width":"","footnotes":""},"class_list":["post-128","page","type-page","status-publish","hentry"],"_links":{"self":[{"href":"https:\/\/alphatsi.com\/en\/wp-json\/wp\/v2\/pages\/128","targetHints":{"allow":["GET"]}}],"collection":[{"href":"https:\/\/alphatsi.com\/en\/wp-json\/wp\/v2\/pages"}],"about":[{"href":"https:\/\/alphatsi.com\/en\/wp-json\/wp\/v2\/types\/page"}],"author":[{"embeddable":true,"href":"https:\/\/alphatsi.com\/en\/wp-json\/wp\/v2\/users\/1"}],"replies":[{"embeddable":true,"href":"https:\/\/alphatsi.com\/en\/wp-json\/wp\/v2\/comments?post=128"}],"version-history":[{"count":0,"href":"https:\/\/alphatsi.com\/en\/wp-json\/wp\/v2\/pages\/128\/revisions"}],"wp:attachment":[{"href":"https:\/\/alphatsi.com\/en\/wp-json\/wp\/v2\/media?parent=128"}],"curies":[{"name":"wp","href":"https:\/\/api.w.org\/{rel}","templated":true}]}}