{"id":136,"date":"2016-04-04T20:26:03","date_gmt":"2016-04-04T19:26:03","guid":{"rendered":"http:\/\/www.alphatsi.dev\/?page_id=136&#038;lang=en"},"modified":"2023-02-19T14:57:58","modified_gmt":"2023-02-19T19:57:58","slug":"videosurveillance","status":"publish","type":"page","link":"https:\/\/alphatsi.com\/en\/security-old\/videosurveillance\/","title":{"rendered":"Video Surveillance"},"content":{"rendered":"<p>[et_pb_section admin_label=&#8221;Section&#8221; fullwidth=&#8221;on&#8221; specialty=&#8221;off&#8221; background_image=&#8221;https:\/\/alphatsi.com\/wp-content\/uploads\/2016\/04\/titre-videosurveillance.jpg&#8221; transparent_background=&#8221;off&#8221; background_color=&#8221;#ffffff&#8221; allow_player_pause=&#8221;off&#8221; inner_shadow=&#8221;off&#8221; parallax=&#8221;off&#8221; parallax_method=&#8221;off&#8221; padding_mobile=&#8221;off&#8221; make_fullwidth=&#8221;off&#8221; use_custom_width=&#8221;off&#8221; width_unit=&#8221;on&#8221; make_equal=&#8221;off&#8221; use_custom_gutter=&#8221;off&#8221; custom_padding=&#8221;50px||50px|&#8221;][et_pb_fullwidth_header admin_label=&#8221;En-t\u00eate plein \u00e9cran&#8221; title=&#8221;VID\u00c9OSURVEILLANCE&#8221; background_layout=&#8221;dark&#8221; text_orientation=&#8221;right&#8221; header_fullscreen=&#8221;off&#8221; header_scroll_down=&#8221;off&#8221; parallax=&#8221;off&#8221; parallax_method=&#8221;off&#8221; content_orientation=&#8221;center&#8221; image_orientation=&#8221;center&#8221; custom_button_one=&#8221;off&#8221; button_one_letter_spacing=&#8221;0&#8243; button_one_use_icon=&#8221;default&#8221; button_one_icon_placement=&#8221;right&#8221; button_one_on_hover=&#8221;on&#8221; button_one_letter_spacing_hover=&#8221;0&#8243; custom_button_two=&#8221;off&#8221; button_two_letter_spacing=&#8221;0&#8243; button_two_use_icon=&#8221;default&#8221; button_two_icon_placement=&#8221;right&#8221; button_two_on_hover=&#8221;on&#8221; button_two_letter_spacing_hover=&#8221;0&#8243;] [\/et_pb_fullwidth_header][\/et_pb_section][et_pb_section admin_label=&#8221;section&#8221;][et_pb_row admin_label=&#8221;row&#8221;][et_pb_column type=&#8221;4_4&#8243;][et_pb_text admin_label=&#8221;Texte&#8221; background_layout=&#8221;light&#8221; text_orientation=&#8221;left&#8221; use_border_color=&#8221;off&#8221; border_color=&#8221;#ffffff&#8221; border_style=&#8221;solid&#8221;]<\/p>\n<p>Les syst\u00e8mes de surveillance sont des outils utiles et performants pour votre entreprise. Vous pouvez visionner en temps r\u00e9el votre compagnie, regarder une vid\u00e9o d&#8217;un \u00e9v\u00e8nement pr\u00e9c\u00e9dent et avoir acc\u00e8s \u00e0 vos cam\u00e9ras de n&#8217;importe o\u00f9 (fureteur, t\u00e9l\u00e9phone intelligent, tablette, etc.).<\/p>\n<p>L&#8217;\u00e9quipe professionnelle d&#8217;Alpha TSi offre des solutions diverses qui conviennent toujours \u00e0 vos besoins et votre budget.<\/p>\n<p>[\/et_pb_text][et_pb_image admin_label=&#8221;Image&#8221; src=&#8221;https:\/\/alphatsi.com\/wp-content\/uploads\/2016\/04\/mobile-surveillance.jpg&#8221; show_in_lightbox=&#8221;off&#8221; url_new_window=&#8221;off&#8221; use_overlay=&#8221;off&#8221; animation=&#8221;top&#8221; sticky=&#8221;off&#8221; align=&#8221;center&#8221; force_fullwidth=&#8221;off&#8221; always_center_on_mobile=&#8221;on&#8221; use_border_color=&#8221;off&#8221; border_color=&#8221;#ffffff&#8221; border_style=&#8221;solid&#8221;] [\/et_pb_image][\/et_pb_column][\/et_pb_row][et_pb_row admin_label=&#8221;Ligne&#8221;][et_pb_column type=&#8221;1_2&#8243;][et_pb_text admin_label=&#8221;Texte&#8221; background_layout=&#8221;light&#8221; text_orientation=&#8221;left&#8221; use_border_color=&#8221;off&#8221; border_color=&#8221;#ffffff&#8221; border_style=&#8221;solid&#8221;]<\/p>\n<h2>Services<\/h2>\n<ul>\n<li>Vente et installation<\/li>\n<li>Analyse et recommandations<\/li>\n<li>Aide \u00e0 l&#8217;obtention de l\u2019accr\u00e9ditation C-TPAT<\/li>\n<li>Int\u00e9gration<\/li>\n<li>Entretien et r\u00e9paration<\/li>\n<li>Service d&#8217;urgence 24\/7<\/li>\n<li>Financement disponible<\/li>\n<\/ul>\n<p>[\/et_pb_text][et_pb_text admin_label=&#8221;Texte&#8221; background_layout=&#8221;light&#8221; text_orientation=&#8221;left&#8221; use_border_color=&#8221;off&#8221; border_color=&#8221;#ffffff&#8221; border_style=&#8221;solid&#8221;]<\/p>\n<h2>Avantages<\/h2>\n<ul>\n<li>Flexibilit\u00e9 des solutions<\/li>\n<li>Accessibilit\u00e9 sans limite (\u00e0 distance, multi-sites, acc\u00e8s simultan\u00e9s multiples)<\/li>\n<li>Acc\u00e8s \u00e0 l\u2019information en temps r\u00e9el<\/li>\n<li>Simplification de l&#8217;administration et de la gestion<\/li>\n<li>\u00c9volutivit\u00e9 \u00e0 court et \u00e0 long terme<\/li>\n<li>R\u00e9duction du co\u00fbt global de l&#8217;investissement<\/li>\n<li>Simplification de la configuration et de l&#8217;exploitation pour le personnel de s\u00e9curit\u00e9<\/li>\n<li>Valeur ajout\u00e9e des technologies de pointe<\/li>\n<li>Am\u00e9lioration du partage de l&#8217;information et de la consolidation des donn\u00e9es en temps r\u00e9el<\/li>\n<li>Ajout de la possibilit\u00e9 de la vid\u00e9o analytique<\/li>\n<\/ul>\n<p>[\/et_pb_text][\/et_pb_column][et_pb_column type=&#8221;1_2&#8243;][et_pb_text admin_label=&#8221;Texte&#8221; background_layout=&#8221;light&#8221; text_orientation=&#8221;left&#8221; use_border_color=&#8221;off&#8221; border_color=&#8221;#ffffff&#8221; border_style=&#8221;solid&#8221;]<\/p>\n<h2>Produits<\/h2>\n<ul>\n<li>Cam\u00e9ras en r\u00e9seaux<\/li>\n<li>Encodeurs de donn\u00e9es<\/li>\n<li>Enregistreurs autonomes en r\u00e9seau (NVR)<\/li>\n<li>Enregistreurs vid\u00e9o num\u00e9riques (DVR)<\/li>\n<li>Interfaces multiples<\/li>\n<li>Plateformes d&#8217;enregistrement et de stockage<\/li>\n<li>Unit\u00e9s de contr\u00f4le portables (T\u00e9l\u00e9phone intelligent, tablettes, etc.)<\/li>\n<li>Correspondance g\u00e9ographique (mapping)<\/li>\n<li>Surveillance en direct<\/li>\n<li>Navigation sur carte<\/li>\n<li>Vid\u00e9o analytique<\/li>\n<\/ul>\n<p>[\/et_pb_text][\/et_pb_column][\/et_pb_row][\/et_pb_section][et_pb_section admin_label=&#8221;Section&#8221; global_module=&#8221;382&#8243; fullwidth=&#8221;off&#8221; specialty=&#8221;off&#8221; background_image=&#8221;https:\/\/alphatsi.com\/wp-content\/uploads\/2016\/03\/bg-cta2.jpg&#8221; transparent_background=&#8221;off&#8221; background_color=&#8221;#ffffff&#8221; allow_player_pause=&#8221;off&#8221; inner_shadow=&#8221;off&#8221; parallax=&#8221;off&#8221; parallax_method=&#8221;off&#8221; padding_mobile=&#8221;off&#8221; make_fullwidth=&#8221;off&#8221; use_custom_width=&#8221;off&#8221; width_unit=&#8221;on&#8221; make_equal=&#8221;off&#8221; use_custom_gutter=&#8221;off&#8221;][et_pb_row global_parent=&#8221;382&#8243; admin_label=&#8221;Ligne&#8221;][et_pb_column type=&#8221;4_4&#8243;][et_pb_cta global_parent=&#8221;382&#8243; admin_label=&#8221;Appel d&#8217;action &#8211; S\u00e9curit\u00e9&#8221; title=&#8221;Besoin d&#8217;un expert en s\u00e9curit\u00e9 ?&#8221; button_url=&#8221;https:\/\/alphatsi.com\/en\/contact-us\/&#8221; url_new_window=&#8221;off&#8221; button_text=&#8221;Contactez-nous d\u00e8s maintenant!&#8221; use_background_color=&#8221;off&#8221; background_color=&#8221;#002f65&#8243; background_layout=&#8221;light&#8221; text_orientation=&#8221;center&#8221; use_border_color=&#8221;off&#8221; border_color=&#8221;#ffffff&#8221; border_style=&#8221;solid&#8221; custom_button=&#8221;off&#8221; button_letter_spacing=&#8221;0&#8243; button_use_icon=&#8221;default&#8221; button_icon_placement=&#8221;right&#8221; button_on_hover=&#8221;on&#8221; button_letter_spacing_hover=&#8221;0&#8243;]<\/p>\n<p>Vous n&#8217;\u00eates plus qu&#8217;\u00e0 un clic de trouver la solution \u00e0 vos probl\u00e8mes informatiques,<br \/>\nde s\u00e9curit\u00e9, d&#8217;int\u00e9gration de syst\u00e8me ou de soutien technique. N&#8217;h\u00e9sitez plus!<\/p>\n<p>[\/et_pb_cta][\/et_pb_column][\/et_pb_row][\/et_pb_section]<\/p>\n","protected":false},"excerpt":{"rendered":"<p>Les syst\u00e8mes de surveillance sont des outils utiles et performants pour votre entreprise. Vous pouvez visionner en temps r\u00e9el votre compagnie, regarder une vid\u00e9o d&#8217;un \u00e9v\u00e8nement pr\u00e9c\u00e9dent et avoir acc\u00e8s \u00e0 vos cam\u00e9ras de n&#8217;importe o\u00f9 (fureteur, t\u00e9l\u00e9phone intelligent, tablette, etc.). L&#8217;\u00e9quipe professionnelle d&#8217;Alpha TSi offre des solutions diverses qui conviennent toujours \u00e0 vos besoins [&hellip;]<\/p>\n","protected":false},"author":1,"featured_media":0,"parent":130,"menu_order":0,"comment_status":"closed","ping_status":"closed","template":"","meta":{"_et_pb_use_builder":"on","_et_pb_old_content":"","_et_gb_content_width":"","footnotes":""},"class_list":["post-136","page","type-page","status-publish","hentry"],"_links":{"self":[{"href":"https:\/\/alphatsi.com\/en\/wp-json\/wp\/v2\/pages\/136","targetHints":{"allow":["GET"]}}],"collection":[{"href":"https:\/\/alphatsi.com\/en\/wp-json\/wp\/v2\/pages"}],"about":[{"href":"https:\/\/alphatsi.com\/en\/wp-json\/wp\/v2\/types\/page"}],"author":[{"embeddable":true,"href":"https:\/\/alphatsi.com\/en\/wp-json\/wp\/v2\/users\/1"}],"replies":[{"embeddable":true,"href":"https:\/\/alphatsi.com\/en\/wp-json\/wp\/v2\/comments?post=136"}],"version-history":[{"count":0,"href":"https:\/\/alphatsi.com\/en\/wp-json\/wp\/v2\/pages\/136\/revisions"}],"up":[{"embeddable":true,"href":"https:\/\/alphatsi.com\/en\/wp-json\/wp\/v2\/pages\/130"}],"wp:attachment":[{"href":"https:\/\/alphatsi.com\/en\/wp-json\/wp\/v2\/media?parent=136"}],"curies":[{"name":"wp","href":"https:\/\/api.w.org\/{rel}","templated":true}]}}